{"id":383,"date":"2024-03-26T12:42:45","date_gmt":"2024-03-26T12:42:45","guid":{"rendered":"http:\/\/www.venezia.fi\/site\/?post_type=product&#038;p=383"},"modified":"2025-12-17T15:30:48","modified_gmt":"2025-12-17T15:30:48","slug":"wienerleike","status":"publish","type":"product","link":"https:\/\/www.venezia.fi\/site\/tuote\/wienerleike\/","title":{"rendered":"1. WIENERLEIKE"},"content":{"rendered":"<p><span style=\"font-weight: 400;\">paneroitu porsaan ulkofilee, ananas, viipale sitruuna, <\/span><span style=\"font-weight: 400;\">bbq-kastike, j\u00e4\u00e4vuorisalaatti, tomaatti, persikka, <\/span><span style=\"font-weight: 400;\">fetajuusto, viipale sitruuna, majoneesi-paneradfl\u00e4skfilebiff, <\/span><span style=\"font-weight: 400;\">ananas, sitron, bbq-s\u00e5s, isbergssallad, <\/span><span style=\"font-weight: 400;\">tomat, persika, fetaost, majonn\u00e4s<\/span><\/p>\n","protected":false},"excerpt":{"rendered":"<p>paneroitu porsaan ulkofilee, ananas, viipale sitruuna, bbq-kastike, j\u00e4\u00e4vuorisalaatti, tomaatti, persikka, fetajuusto, viipale sitruuna, majoneesi-paneradfl\u00e4skfilebiff, ananas, sitron, bbq-s\u00e5s, isbergssallad, tomat, persika, fetaost, majonn\u00e4s<\/p>\n","protected":false},"featured_media":3445,"comment_status":"open","ping_status":"closed","template":"","meta":[],"product_cat":[28],"product_tag":[],"_links":{"self":[{"href":"https:\/\/www.venezia.fi\/site\/wp-json\/wp\/v2\/product\/383"}],"collection":[{"href":"https:\/\/www.venezia.fi\/site\/wp-json\/wp\/v2\/product"}],"about":[{"href":"https:\/\/www.venezia.fi\/site\/wp-json\/wp\/v2\/types\/product"}],"replies":[{"embeddable":true,"href":"https:\/\/www.venezia.fi\/site\/wp-json\/wp\/v2\/comments?post=383"}],"wp:featuredmedia":[{"embeddable":true,"href":"https:\/\/www.venezia.fi\/site\/wp-json\/wp\/v2\/media\/3445"}],"wp:attachment":[{"href":"https:\/\/www.venezia.fi\/site\/wp-json\/wp\/v2\/media?parent=383"}],"wp:term":[{"taxonomy":"product_cat","embeddable":true,"href":"https:\/\/www.venezia.fi\/site\/wp-json\/wp\/v2\/product_cat?post=383"},{"taxonomy":"product_tag","embeddable":true,"href":"https:\/\/www.venezia.fi\/site\/wp-json\/wp\/v2\/product_tag?post=383"}],"curies":[{"name":"wp","href":"https:\/\/api.w.org\/{rel}","templated":true}]}}