{"id":379,"date":"2024-03-26T12:26:52","date_gmt":"2024-03-26T12:26:52","guid":{"rendered":"http:\/\/www.venezia.fi\/site\/?post_type=product&#038;p=379"},"modified":"2025-12-17T15:30:48","modified_gmt":"2025-12-17T15:30:48","slug":"katkarapusalaatti","status":"publish","type":"product","link":"https:\/\/www.venezia.fi\/site\/tuote\/katkarapusalaatti\/","title":{"rendered":"4. KATKARAPUSALAATTI"},"content":{"rendered":"<p><span style=\"font-weight: 400;\">katkarapu, j\u00e4\u00e4vuorisalaatti, tomaatti, <\/span><span style=\"font-weight: 400;\">persikka, fetajuusto, majoneesi, pitaleip\u00e4 &#8211; <\/span><span style=\"font-weight: 400;\">r\u00e4ka, isbergssallad, tomat, persika, fetaost, <\/span><span style=\"font-weight: 400;\">majonn\u00e4s, pitabr\u00f6d<\/span><\/p>\n","protected":false},"excerpt":{"rendered":"<p>katkarapu, j\u00e4\u00e4vuorisalaatti, tomaatti, persikka, fetajuusto, majoneesi, pitaleip\u00e4 &#8211; r\u00e4ka, isbergssallad, tomat, persika, fetaost, majonn\u00e4s, pitabr\u00f6d<\/p>\n","protected":false},"featured_media":3445,"comment_status":"open","ping_status":"closed","template":"","meta":[],"product_cat":[26],"product_tag":[],"_links":{"self":[{"href":"https:\/\/www.venezia.fi\/site\/wp-json\/wp\/v2\/product\/379"}],"collection":[{"href":"https:\/\/www.venezia.fi\/site\/wp-json\/wp\/v2\/product"}],"about":[{"href":"https:\/\/www.venezia.fi\/site\/wp-json\/wp\/v2\/types\/product"}],"replies":[{"embeddable":true,"href":"https:\/\/www.venezia.fi\/site\/wp-json\/wp\/v2\/comments?post=379"}],"wp:featuredmedia":[{"embeddable":true,"href":"https:\/\/www.venezia.fi\/site\/wp-json\/wp\/v2\/media\/3445"}],"wp:attachment":[{"href":"https:\/\/www.venezia.fi\/site\/wp-json\/wp\/v2\/media?parent=379"}],"wp:term":[{"taxonomy":"product_cat","embeddable":true,"href":"https:\/\/www.venezia.fi\/site\/wp-json\/wp\/v2\/product_cat?post=379"},{"taxonomy":"product_tag","embeddable":true,"href":"https:\/\/www.venezia.fi\/site\/wp-json\/wp\/v2\/product_tag?post=379"}],"curies":[{"name":"wp","href":"https:\/\/api.w.org\/{rel}","templated":true}]}}