{"id":374,"date":"2024-03-26T12:09:48","date_gmt":"2024-03-26T12:09:48","guid":{"rendered":"http:\/\/www.venezia.fi\/site\/?post_type=product&#038;p=374"},"modified":"2026-02-07T13:39:38","modified_gmt":"2026-02-07T13:39:38","slug":"bbq-pekoni-hampurilainen","status":"publish","type":"product","link":"https:\/\/www.venezia.fi\/site\/tuote\/bbq-pekoni-hampurilainen\/","title":{"rendered":"4. BBQ-PEKONI HAMPURILAINEN"},"content":{"rendered":"<p><span style=\"font-weight: 400;\">xxl hampurilainen s\u00e4mpyl\u00e4, jauheliha t\u00e4yspihvi, bbq-kastike, <\/span><span style=\"font-weight: 400;\">cheddarjuusto, ranskalaisperunat, salaatti, tomaatti, <\/span><span style=\"font-weight: 400;\">punasipuli, kurkkusalaatti, ketsuppi, majoneesi &#8211; <\/span><span style=\"font-weight: 400;\">xxl hamburgerbr\u00f6d, k\u00f6ttf\u00e4rsbiff, bbq-s\u00e5s, cheddarost, <\/span><span style=\"font-weight: 400;\">salad, tomat, r\u00f6dl\u00f6k, ketchup gurksalad<\/span><\/p>\n","protected":false},"excerpt":{"rendered":"<p>xxl hampurilainen s\u00e4mpyl\u00e4, jauheliha t\u00e4yspihvi, bbq-kastike, cheddarjuusto, ranskalaisperunat, salaatti, tomaatti, punasipuli, kurkkusalaatti, ketsuppi, majoneesi &#8211; xxl hamburgerbr\u00f6d, k\u00f6ttf\u00e4rsbiff, bbq-s\u00e5s, cheddarost, salad, tomat, r\u00f6dl\u00f6k, ketchup gurksalad<\/p>\n","protected":false},"featured_media":3445,"comment_status":"open","ping_status":"closed","template":"","meta":[],"product_cat":[25],"product_tag":[],"_links":{"self":[{"href":"https:\/\/www.venezia.fi\/site\/wp-json\/wp\/v2\/product\/374"}],"collection":[{"href":"https:\/\/www.venezia.fi\/site\/wp-json\/wp\/v2\/product"}],"about":[{"href":"https:\/\/www.venezia.fi\/site\/wp-json\/wp\/v2\/types\/product"}],"replies":[{"embeddable":true,"href":"https:\/\/www.venezia.fi\/site\/wp-json\/wp\/v2\/comments?post=374"}],"wp:featuredmedia":[{"embeddable":true,"href":"https:\/\/www.venezia.fi\/site\/wp-json\/wp\/v2\/media\/3445"}],"wp:attachment":[{"href":"https:\/\/www.venezia.fi\/site\/wp-json\/wp\/v2\/media?parent=374"}],"wp:term":[{"taxonomy":"product_cat","embeddable":true,"href":"https:\/\/www.venezia.fi\/site\/wp-json\/wp\/v2\/product_cat?post=374"},{"taxonomy":"product_tag","embeddable":true,"href":"https:\/\/www.venezia.fi\/site\/wp-json\/wp\/v2\/product_tag?post=374"}],"curies":[{"name":"wp","href":"https:\/\/api.w.org\/{rel}","templated":true}]}}