{"id":373,"date":"2024-03-26T12:08:26","date_gmt":"2024-03-26T12:08:26","guid":{"rendered":"http:\/\/www.venezia.fi\/site\/?post_type=product&#038;p=373"},"modified":"2026-02-07T13:40:08","modified_gmt":"2026-02-07T13:40:08","slug":"juustohampurilainen","status":"publish","type":"product","link":"https:\/\/www.venezia.fi\/site\/tuote\/juustohampurilainen\/","title":{"rendered":"3. JUUSTOHAMPURILAINEN"},"content":{"rendered":"<p><span style=\"font-weight: 400;\">Xxl hampurilainen s\u00e4mpyl\u00e4, jauheliha t\u00e4yspihvi, <\/span><span style=\"font-weight: 400;\">cheddarjuusto, juusto, ranskalaisperunat, salaatti, tomaatti, <\/span><span style=\"font-weight: 400;\">kurkkusalaatti, ketsuppi, majoneesi- xxl hamburgerbr\u00f6d, <\/span><span style=\"font-weight: 400;\">k\u00f6ttf\u00e4rsbiff, salad, tomat, gurksalad,majonn\u00e4s, cheddarost, <\/span><span style=\"font-weight: 400;\">ostketchup<\/span><\/p>\n","protected":false},"excerpt":{"rendered":"<p>Xxl hampurilainen s\u00e4mpyl\u00e4, jauheliha t\u00e4yspihvi, cheddarjuusto, juusto, ranskalaisperunat, salaatti, tomaatti, kurkkusalaatti, ketsuppi, majoneesi- xxl hamburgerbr\u00f6d, k\u00f6ttf\u00e4rsbiff, salad, tomat, gurksalad,majonn\u00e4s, cheddarost, ostketchup<\/p>\n","protected":false},"featured_media":3445,"comment_status":"open","ping_status":"closed","template":"","meta":[],"product_cat":[25],"product_tag":[],"_links":{"self":[{"href":"https:\/\/www.venezia.fi\/site\/wp-json\/wp\/v2\/product\/373"}],"collection":[{"href":"https:\/\/www.venezia.fi\/site\/wp-json\/wp\/v2\/product"}],"about":[{"href":"https:\/\/www.venezia.fi\/site\/wp-json\/wp\/v2\/types\/product"}],"replies":[{"embeddable":true,"href":"https:\/\/www.venezia.fi\/site\/wp-json\/wp\/v2\/comments?post=373"}],"wp:featuredmedia":[{"embeddable":true,"href":"https:\/\/www.venezia.fi\/site\/wp-json\/wp\/v2\/media\/3445"}],"wp:attachment":[{"href":"https:\/\/www.venezia.fi\/site\/wp-json\/wp\/v2\/media?parent=373"}],"wp:term":[{"taxonomy":"product_cat","embeddable":true,"href":"https:\/\/www.venezia.fi\/site\/wp-json\/wp\/v2\/product_cat?post=373"},{"taxonomy":"product_tag","embeddable":true,"href":"https:\/\/www.venezia.fi\/site\/wp-json\/wp\/v2\/product_tag?post=373"}],"curies":[{"name":"wp","href":"https:\/\/api.w.org\/{rel}","templated":true}]}}