{"id":371,"date":"2024-03-26T12:04:38","date_gmt":"2024-03-26T12:04:38","guid":{"rendered":"http:\/\/www.venezia.fi\/site\/?post_type=product&#038;p=371"},"modified":"2025-12-17T15:30:47","modified_gmt":"2025-12-17T15:30:47","slug":"lastenhampurilainen","status":"publish","type":"product","link":"https:\/\/www.venezia.fi\/site\/tuote\/lastenhampurilainen\/","title":{"rendered":"1. LASTENHAMPURILAINEN"},"content":{"rendered":"<p><span style=\"font-weight: 400;\">Hampurilainen s\u00e4mpyl\u00e4, jauhelihat\u00e4ys, <\/span><span style=\"font-weight: 400;\">ranskalaisperunat, ketsuppi, kurkkusalaatti, <\/span><span style=\"font-weight: 400;\">ja majoneesi, &#8211; hamburgerbr,,k\u00f6ttf\u00e4rsbiff, majonn\u00e4s, <\/span><span style=\"font-weight: 400;\">gurksalad, ketchup. \u00f6d<\/span><\/p>\n","protected":false},"excerpt":{"rendered":"<p>Hampurilainen s\u00e4mpyl\u00e4, jauhelihat\u00e4ys, ranskalaisperunat, ketsuppi, kurkkusalaatti, ja majoneesi, &#8211; hamburgerbr,,k\u00f6ttf\u00e4rsbiff, majonn\u00e4s, gurksalad, ketchup. \u00f6d<\/p>\n","protected":false},"featured_media":3445,"comment_status":"open","ping_status":"closed","template":"","meta":[],"product_cat":[25],"product_tag":[],"_links":{"self":[{"href":"https:\/\/www.venezia.fi\/site\/wp-json\/wp\/v2\/product\/371"}],"collection":[{"href":"https:\/\/www.venezia.fi\/site\/wp-json\/wp\/v2\/product"}],"about":[{"href":"https:\/\/www.venezia.fi\/site\/wp-json\/wp\/v2\/types\/product"}],"replies":[{"embeddable":true,"href":"https:\/\/www.venezia.fi\/site\/wp-json\/wp\/v2\/comments?post=371"}],"wp:featuredmedia":[{"embeddable":true,"href":"https:\/\/www.venezia.fi\/site\/wp-json\/wp\/v2\/media\/3445"}],"wp:attachment":[{"href":"https:\/\/www.venezia.fi\/site\/wp-json\/wp\/v2\/media?parent=371"}],"wp:term":[{"taxonomy":"product_cat","embeddable":true,"href":"https:\/\/www.venezia.fi\/site\/wp-json\/wp\/v2\/product_cat?post=371"},{"taxonomy":"product_tag","embeddable":true,"href":"https:\/\/www.venezia.fi\/site\/wp-json\/wp\/v2\/product_tag?post=371"}],"curies":[{"name":"wp","href":"https:\/\/api.w.org\/{rel}","templated":true}]}}