{"id":347,"date":"2024-03-26T11:26:03","date_gmt":"2024-03-26T11:26:03","guid":{"rendered":"http:\/\/www.venezia.fi\/site\/?post_type=product&#038;p=347"},"modified":"2026-02-07T14:11:48","modified_gmt":"2026-02-07T14:11:48","slug":"halap-kebab","status":"publish","type":"product","link":"https:\/\/www.venezia.fi\/site\/tuote\/halap-kebab\/","title":{"rendered":"11. HALAP KEBAB"},"content":{"rendered":"<p><span style=\"font-weight: 400;\">Kebabliha, Leip\u00e4kuutioita, fetajuusto, salaatti <\/span><span style=\"font-weight: 400;\">Pitaleip\u00e4, tuplkebab <\/span><span style=\"font-weight: 400;\">tomaatti, punasipuli, pippuri, ja kastike &#8211; <\/span><span style=\"font-weight: 400;\">Pitabr\u00f6d, dubbel kebabk\u00f6tt <\/span><span style=\"font-weight: 400;\">Kebabk\u00f6t Br\u00f6dt\u00e4rningar, fetaost, salad<\/span><\/p>\n","protected":false},"excerpt":{"rendered":"<p>Kebabliha, Leip\u00e4kuutioita, fetajuusto, salaatti Pitaleip\u00e4, tuplkebab tomaatti, punasipuli, pippuri, ja kastike &#8211; Pitabr\u00f6d, dubbel kebabk\u00f6tt Kebabk\u00f6t Br\u00f6dt\u00e4rningar, fetaost, salad<\/p>\n","protected":false},"featured_media":3445,"comment_status":"open","ping_status":"closed","template":"","meta":[],"product_cat":[22],"product_tag":[],"_links":{"self":[{"href":"https:\/\/www.venezia.fi\/site\/wp-json\/wp\/v2\/product\/347"}],"collection":[{"href":"https:\/\/www.venezia.fi\/site\/wp-json\/wp\/v2\/product"}],"about":[{"href":"https:\/\/www.venezia.fi\/site\/wp-json\/wp\/v2\/types\/product"}],"replies":[{"embeddable":true,"href":"https:\/\/www.venezia.fi\/site\/wp-json\/wp\/v2\/comments?post=347"}],"wp:featuredmedia":[{"embeddable":true,"href":"https:\/\/www.venezia.fi\/site\/wp-json\/wp\/v2\/media\/3445"}],"wp:attachment":[{"href":"https:\/\/www.venezia.fi\/site\/wp-json\/wp\/v2\/media?parent=347"}],"wp:term":[{"taxonomy":"product_cat","embeddable":true,"href":"https:\/\/www.venezia.fi\/site\/wp-json\/wp\/v2\/product_cat?post=347"},{"taxonomy":"product_tag","embeddable":true,"href":"https:\/\/www.venezia.fi\/site\/wp-json\/wp\/v2\/product_tag?post=347"}],"curies":[{"name":"wp","href":"https:\/\/api.w.org\/{rel}","templated":true}]}}