{"id":322,"date":"2024-03-26T10:18:01","date_gmt":"2024-03-26T10:18:01","guid":{"rendered":"http:\/\/www.venezia.fi\/site\/?post_type=product&#038;p=322"},"modified":"2026-02-07T14:27:22","modified_gmt":"2026-02-07T14:27:22","slug":"smetana","status":"publish","type":"product","link":"https:\/\/www.venezia.fi\/site\/tuote\/smetana\/","title":{"rendered":"21- SMETANA"},"content":{"rendered":"<p><span style=\"font-weight: 400;\">Jauheliha, kebabliha, sipuli, <\/span><span style=\"font-weight: 400;\">tomaatti, katkarapu, smetana &#8211; <\/span><span style=\"font-weight: 400;\">k\u00f6ttf\u00e4rs, kebab, r\u00f6dl\u00f6k, tomat, <\/span><span style=\"font-weight: 400;\">r\u00e4ka, smetana<\/span><\/p>\n","protected":false},"excerpt":{"rendered":"<p>Jauheliha, kebabliha, sipuli, tomaatti, katkarapu, smetana &#8211; k\u00f6ttf\u00e4rs, kebab, r\u00f6dl\u00f6k, tomat, r\u00e4ka, smetana<\/p>\n","protected":false},"featured_media":3436,"comment_status":"open","ping_status":"closed","template":"","meta":[],"product_cat":[21],"product_tag":[],"_links":{"self":[{"href":"https:\/\/www.venezia.fi\/site\/wp-json\/wp\/v2\/product\/322"}],"collection":[{"href":"https:\/\/www.venezia.fi\/site\/wp-json\/wp\/v2\/product"}],"about":[{"href":"https:\/\/www.venezia.fi\/site\/wp-json\/wp\/v2\/types\/product"}],"replies":[{"embeddable":true,"href":"https:\/\/www.venezia.fi\/site\/wp-json\/wp\/v2\/comments?post=322"}],"wp:featuredmedia":[{"embeddable":true,"href":"https:\/\/www.venezia.fi\/site\/wp-json\/wp\/v2\/media\/3436"}],"wp:attachment":[{"href":"https:\/\/www.venezia.fi\/site\/wp-json\/wp\/v2\/media?parent=322"}],"wp:term":[{"taxonomy":"product_cat","embeddable":true,"href":"https:\/\/www.venezia.fi\/site\/wp-json\/wp\/v2\/product_cat?post=322"},{"taxonomy":"product_tag","embeddable":true,"href":"https:\/\/www.venezia.fi\/site\/wp-json\/wp\/v2\/product_tag?post=322"}],"curies":[{"name":"wp","href":"https:\/\/api.w.org\/{rel}","templated":true}]}}