{"id":281,"date":"2024-03-26T09:05:32","date_gmt":"2024-03-26T09:05:32","guid":{"rendered":"http:\/\/www.venezia.fi\/site\/?post_type=product&#038;p=281"},"modified":"2026-02-07T14:37:01","modified_gmt":"2026-02-07T14:37:01","slug":"cicilia-pizza","status":"publish","type":"product","link":"https:\/\/www.venezia.fi\/site\/tuote\/cicilia-pizza\/","title":{"rendered":"9- SICILIA PIZZA"},"content":{"rendered":"<p>Jauheliha, pepperoni, Tomaatti, punasipuli, Turkinpippuri, &#8211; K\u00f6ttf\u00e4rs, pepperoni, Chili, r\u00f6ddl\u00f6k, Tomat<\/p>\n","protected":false},"excerpt":{"rendered":"<p>Jauheliha, pepperoni, Tomaatti, punasipuli, Turkinpippuri, &#8211; K\u00f6ttf\u00e4rs, pepperoni, Chili, r\u00f6ddl\u00f6k, Tomat<\/p>\n","protected":false},"featured_media":3439,"comment_status":"open","ping_status":"closed","template":"","meta":[],"product_cat":[21],"product_tag":[],"_links":{"self":[{"href":"https:\/\/www.venezia.fi\/site\/wp-json\/wp\/v2\/product\/281"}],"collection":[{"href":"https:\/\/www.venezia.fi\/site\/wp-json\/wp\/v2\/product"}],"about":[{"href":"https:\/\/www.venezia.fi\/site\/wp-json\/wp\/v2\/types\/product"}],"replies":[{"embeddable":true,"href":"https:\/\/www.venezia.fi\/site\/wp-json\/wp\/v2\/comments?post=281"}],"wp:featuredmedia":[{"embeddable":true,"href":"https:\/\/www.venezia.fi\/site\/wp-json\/wp\/v2\/media\/3439"}],"wp:attachment":[{"href":"https:\/\/www.venezia.fi\/site\/wp-json\/wp\/v2\/media?parent=281"}],"wp:term":[{"taxonomy":"product_cat","embeddable":true,"href":"https:\/\/www.venezia.fi\/site\/wp-json\/wp\/v2\/product_cat?post=281"},{"taxonomy":"product_tag","embeddable":true,"href":"https:\/\/www.venezia.fi\/site\/wp-json\/wp\/v2\/product_tag?post=281"}],"curies":[{"name":"wp","href":"https:\/\/api.w.org\/{rel}","templated":true}]}}